{"id":71,"date":"2020-02-17T08:44:38","date_gmt":"2020-02-17T08:44:38","guid":{"rendered":"http:\/\/nationalyouth.development.ivote.mk\/?page_id=71"},"modified":"2024-03-05T14:26:29","modified_gmt":"2024-03-05T14:26:29","slug":"about-us","status":"publish","type":"page","link":"https:\/\/electoralsupportprogramme.mk\/sq\/about-us\/","title":{"rendered":"P\u00ebr ne"},"content":{"rendered":"<p>\u201c<strong>Programit p\u00ebr mb\u00ebshtetjen e zgjedhjeve n\u00eb Maqedonin\u00eb e Veriut<\/strong>\u201d \u00ebsht\u00eb projekt i Qeveris\u00eb s\u00eb Zvicr\u00ebs, t\u00eb cilin e implementon Fondacioni nd\u00ebrkomb\u00ebtar p\u00ebr sisteme zgjedhore (IFES).<br \/>\nProjekti synon procese zgjedhore m\u00eb gjith\u00ebp\u00ebrfshir\u00ebse dhe m\u00eb demokratike t\u00eb drejtuara konform organizimit t\u00eb p\u00ebrmir\u00ebsuar t\u00eb zgjedhjeve, t\u00eb v\u00ebzhguara p\u00ebr s\u00eb af\u00ebrmi nga qytetar\u00ebt.<\/p>\n<p>Q\u00ebllimi i p\u00ebrgjithsh\u00ebm<br \/>\nProcese zgjedhore demokratike dhe t\u00eb besueshme me t\u00eb cil\u00ebt leht\u00ebsohet pjes\u00ebmarrja politike dhe integrimi social n\u00eb m\u00ebnyr\u00eb q\u00eb votuesit t\u00eb ken\u00eb mund\u00ebsi t\u2019i zgjedhin p\u00ebrfaq\u00ebsuesit e tyre dhe t\u2019i th\u00ebrrasin n\u00eb p\u00ebrgjegj\u00ebsi.<\/p>\n<p><strong>Rezultatet kryesore<\/strong><\/p>\n<p><strong>Rezultati 1: <\/strong>Institucionet e fuqizuara zbatojn\u00eb procese zgjedhore t\u00eb drejta dhe efikase.<\/p>\n<p><strong>Rezultati 2: <\/strong>Demokratizimi i brendsh\u00ebm i partive politike p\u00ebrfaq\u00ebson politika dhe programe zgjedhore me orientim qytetar.<\/p>\n<p><strong>Rezultati 3: <\/strong>Qytetar\u00ebt e fuqizuar i th\u00ebrrasin partit\u00eb politike dhe funksionar\u00ebt e zgjedhur n\u00eb p\u00ebrgjegj\u00ebsi.<\/p>\n<p><strong>Treguesit<\/strong><\/p>\n<div class=\"container container-counter\">\n<div class=\"row\">\n<div class=\"four col-md-3\">\n<div class=\"counter-box\"><i class=\"fa fa-calendar-o\"><\/i><br \/>\n<span class=\"counter\">3001<\/span>Ngjarje<\/div>\n<\/div>\n<div class=\"four col-md-3\">\n<div class=\"counter-box\"><i class=\"fa fa-users\"><\/i><br \/>\n<span class=\"counter\">5800<\/span>P\u00ebrfituesit e drejtp\u00ebrdrejt\u00eb<\/div>\n<\/div>\n<div class=\"four col-md-3\">\n<div class=\"counter-box\"><i class=\"fa fa-lightbulb-o\"><\/i><br \/>\n<span class=\"counter\">113<\/span>Iniciativa novatore<\/div>\n<\/div>\n<\/div>\n<\/div>\n<p><\/p>","protected":false},"excerpt":{"rendered":"<p>\u201cProgramit p\u00ebr mb\u00ebshtetjen e zgjedhjeve n\u00eb Maqedonin\u00eb e Veriut\u201d \u00ebsht\u00eb projekt i Qeveris\u00eb s\u00eb Zvicr\u00ebs, t\u00eb cilin e implementon Fondacioni nd\u00ebrkomb\u00ebtar p\u00ebr sisteme zgjedhore (IFES). Projekti synon procese zgjedhore m\u00eb gjith\u00ebp\u00ebrfshir\u00ebse dhe m\u00eb demokratike t\u00eb drejtuara konform organizimit t\u00eb p\u00ebrmir\u00ebsuar t\u00eb zgjedhjeve, t\u00eb v\u00ebzhguara p\u00ebr s\u00eb af\u00ebrmi nga qytetar\u00ebt. Q\u00ebllimi i p\u00ebrgjithsh\u00ebm Procese zgjedhore demokratike [&hellip;]<\/p>\n","protected":false},"author":1,"featured_media":94,"parent":0,"menu_order":0,"comment_status":"closed","ping_status":"closed","template":"template-about-us.php","meta":{"footnotes":""},"class_list":["post-71","page","type-page","status-publish","has-post-thumbnail","hentry"],"acf":[],"_links":{"self":[{"href":"https:\/\/electoralsupportprogramme.mk\/sq\/wp-json\/wp\/v2\/pages\/71"}],"collection":[{"href":"https:\/\/electoralsupportprogramme.mk\/sq\/wp-json\/wp\/v2\/pages"}],"about":[{"href":"https:\/\/electoralsupportprogramme.mk\/sq\/wp-json\/wp\/v2\/types\/page"}],"author":[{"embeddable":true,"href":"https:\/\/electoralsupportprogramme.mk\/sq\/wp-json\/wp\/v2\/users\/1"}],"replies":[{"embeddable":true,"href":"https:\/\/electoralsupportprogramme.mk\/sq\/wp-json\/wp\/v2\/comments?post=71"}],"version-history":[{"count":36,"href":"https:\/\/electoralsupportprogramme.mk\/sq\/wp-json\/wp\/v2\/pages\/71\/revisions"}],"predecessor-version":[{"id":5859,"href":"https:\/\/electoralsupportprogramme.mk\/sq\/wp-json\/wp\/v2\/pages\/71\/revisions\/5859"}],"wp:featuredmedia":[{"embeddable":true,"href":"https:\/\/electoralsupportprogramme.mk\/sq\/wp-json\/wp\/v2\/media\/94"}],"wp:attachment":[{"href":"https:\/\/electoralsupportprogramme.mk\/sq\/wp-json\/wp\/v2\/media?parent=71"}],"curies":[{"name":"wp","href":"https:\/\/api.w.org\/{rel}","templated":true}]}}