{"id":3761,"date":"2022-10-19T20:27:08","date_gmt":"2022-10-19T20:27:08","guid":{"rendered":"https:\/\/electoralsupportprogramme.mk\/?page_id=3761"},"modified":"2022-12-22T09:06:47","modified_gmt":"2022-12-22T09:06:47","slug":"summary-of-all-monitoring-matrixes","status":"publish","type":"page","link":"https:\/\/electoralsupportprogramme.mk\/sq\/summary-of-all-monitoring-matrixes\/","title":{"rendered":"(MK) Summary of all monitoring matrixes"},"content":{"rendered":"<p>N\u00eb kuad\u00ebr t\u00eb monitorimit p\u00ebrmbledh\u00ebs, n\u00eb baza mujore zgjidhen grupe kriteresh p\u00ebr t\u00eb cilat raportohen t\u00eb dh\u00ebnat p\u00ebrmbledh\u00ebse nga t\u00eb gjitha komunat d.m.th. \u00e7\u00ebshtjet t\u00eb cilat p\u00ebrfshihen n\u00eb sistemin e monitorimit. N\u00eb k\u00ebt\u00eb m\u00ebnyr\u00eb mund t\u00eb fitohet nj\u00eb pasqyr\u00eb e p\u00ebrgjithshme p\u00ebr aspektet e r\u00ebnd\u00ebsishme \u00a0t\u00eb pun\u00ebs s\u00eb vet\u00ebqeverisjes lokale, sa i p\u00ebrket asaj se sa aktive jan\u00eb ato p\u00ebr \u00e7\u00ebshtjet q\u00eb i monitorojn\u00eb mobilizuesit e komunitetit, vall\u00eb dhe n\u00eb \u00e7far\u00eb mase ato e ndajn\u00eb informacionin me publikun dhe faktor\u00ebt lokal\u00eb lidhur me k\u00ebto \u00e7\u00ebshtje dhe n\u00eb \u00e7far\u00eb mase nd\u00ebrmarrin hapa p\u00ebr pjes\u00ebmarrjen aktive t\u00eb qytetar\u00ebve n\u00eb vendimet q\u00eb prekin \u00e7\u00ebshtjet q\u00eb monitorohen.<\/p>","protected":false},"excerpt":{"rendered":"<p>N\u00eb kuad\u00ebr t\u00eb monitorimit p\u00ebrmbledh\u00ebs, n\u00eb baza mujore zgjidhen grupe kriteresh p\u00ebr t\u00eb cilat raportohen t\u00eb dh\u00ebnat p\u00ebrmbledh\u00ebse nga t\u00eb gjitha komunat d.m.th. \u00e7\u00ebshtjet t\u00eb cilat p\u00ebrfshihen n\u00eb sistemin e monitorimit. N\u00eb k\u00ebt\u00eb m\u00ebnyr\u00eb mund t\u00eb fitohet nj\u00eb pasqyr\u00eb e p\u00ebrgjithshme p\u00ebr aspektet e r\u00ebnd\u00ebsishme \u00a0t\u00eb pun\u00ebs s\u00eb vet\u00ebqeverisjes lokale, sa i p\u00ebrket asaj se [&hellip;]<\/p>\n","protected":false},"author":4,"featured_media":0,"parent":0,"menu_order":0,"comment_status":"closed","ping_status":"closed","template":"template-monitoring-summary.php","meta":{"footnotes":""},"class_list":["post-3761","page","type-page","status-publish","hentry"],"acf":[],"_links":{"self":[{"href":"https:\/\/electoralsupportprogramme.mk\/sq\/wp-json\/wp\/v2\/pages\/3761"}],"collection":[{"href":"https:\/\/electoralsupportprogramme.mk\/sq\/wp-json\/wp\/v2\/pages"}],"about":[{"href":"https:\/\/electoralsupportprogramme.mk\/sq\/wp-json\/wp\/v2\/types\/page"}],"author":[{"embeddable":true,"href":"https:\/\/electoralsupportprogramme.mk\/sq\/wp-json\/wp\/v2\/users\/4"}],"replies":[{"embeddable":true,"href":"https:\/\/electoralsupportprogramme.mk\/sq\/wp-json\/wp\/v2\/comments?post=3761"}],"version-history":[{"count":6,"href":"https:\/\/electoralsupportprogramme.mk\/sq\/wp-json\/wp\/v2\/pages\/3761\/revisions"}],"predecessor-version":[{"id":4315,"href":"https:\/\/electoralsupportprogramme.mk\/sq\/wp-json\/wp\/v2\/pages\/3761\/revisions\/4315"}],"wp:attachment":[{"href":"https:\/\/electoralsupportprogramme.mk\/sq\/wp-json\/wp\/v2\/media?parent=3761"}],"curies":[{"name":"wp","href":"https:\/\/api.w.org\/{rel}","templated":true}]}}