{"id":3011,"date":"2022-07-01T10:02:42","date_gmt":"2022-07-01T10:02:42","guid":{"rendered":"https:\/\/electoralsupportprogramme.mk\/?page_id=3011"},"modified":"2022-12-21T14:40:25","modified_gmt":"2022-12-21T14:40:25","slug":"3011-2","status":"publish","type":"page","link":"https:\/\/electoralsupportprogramme.mk\/sq\/3011-2\/","title":{"rendered":"Harta Iniciativat"},"content":{"rendered":"<p>Aktivizmi rinor sh\u00ebnon angazhimin e t\u00eb rinjve p\u00ebr t\u00eb arritur ndryshime shoq\u00ebrore, dhe i nj\u00ebjti paraqet nj\u00eb komponent t\u00eb r\u00ebnd\u00ebsish\u00ebm n\u00eb \u00e7do shtet.<\/p>\n<p>Projekti mb\u00ebshtet aktivizmin rinor p\u00ebrmes mb\u00ebshtetjes s\u00eb drejtp\u00ebrdrejt\u00eb t\u00eb individ\u00ebve t\u00eb rinj &#8211; aktivist\u00eb t\u00eb pavarur dhe p\u00ebrfaq\u00ebsues t\u00eb organizatave joqeveritare nga i gjith\u00eb vendi, por edhe p\u00ebrfaq\u00ebsues t\u00eb forumeve partiake t\u00eb t\u00eb rinjve t\u00eb cil\u00ebt n\u00eb m\u00ebnyr\u00eb t\u00eb pavarur zbatojn\u00eb iniciativa novatore n\u00eb fusha dhe sfera t\u00eb ndryshme t\u00eb jet\u00ebs shoq\u00ebrore.<\/p>\n<p>Jemi t\u00eb pranish\u00ebm n\u00eb t\u00eb gjitha tet\u00eb rajonet e zhvillimit n\u00eb vend. Duke klikuar n\u00eb shenjat si gjip\u00ebra n\u00eb hart\u00ebn interaktive mund t\u00eb lexoni m\u00eb shum\u00eb informacion n\u00eb lidhje me vet\u00eb iniciativat, si dhe zbatuesit e tyre.<\/p>\n<div class=\"map_wrapper\" id=\"map_wrapper_3362\">\n<div class=\"map_box\" style=\"max-width:2200px\">\n<div class=\"map_aspect_ratio\" style=\"padding-top:56%\" data-padding-top=\"56%\" data-padding-top-mobile=\"\">\n<div class=\"map_container\">\n<div class=\"map_render map_loading\" id=\"map_3362\"><\/div>\n<\/div>\n<\/div>\n<\/div><div class=\"igm-external-legend-container\"><ul data-base-map-id=\"3362\" id=\"igm-external-legend-3362\" class=\"igm-external-legend\"><li class=\"igm-external-legend-entry\"><span class=\"igm-external-legend-graphic\" style=\"background:#8dc902\"><\/span>nisma t\u00eb zbatuara nga mobilizuesit e komunitetit 2020 dhe 2021<\/li><li class=\"igm-external-legend-entry\"><span class=\"igm-external-legend-graphic\" style=\"background:#afc3c1\"><\/span>nisma t\u00eb zbatuara nga krah\u00ebt rinor\u00eb t\u00eb partive politike 2021<\/li><li class=\"igm-external-legend-entry\"><span class=\"igm-external-legend-graphic\" style=\"background:#1e73be\"><\/span>iniciativa t\u00eb zbatuara nga mobilizator\u00ebt e komunitetit 2022 dhe 2023<\/li><li class=\"igm-external-legend-entry\"><span class=\"igm-external-legend-graphic\" style=\"background:#ffff00\"><\/span>iniciativ\u00eb e zbatuar nga Organizatat e Shoq\u00ebris\u00eb Civile 2025<\/li><li class=\"igm-external-legend-entry\"><span class=\"igm-external-legend-graphic\" style=\"background:#dd3333\"><\/span>nisma t\u00eb zbatuara nga krah\u00ebt rinor\u00eb t\u00eb partive politike 2025<\/li><\/ul><\/div>\n<\/div>\n<p>&nbsp;<\/p>","protected":false},"excerpt":{"rendered":"<p>Aktivizmi rinor sh\u00ebnon angazhimin e t\u00eb rinjve p\u00ebr t\u00eb arritur ndryshime shoq\u00ebrore, dhe i nj\u00ebjti paraqet nj\u00eb komponent t\u00eb r\u00ebnd\u00ebsish\u00ebm n\u00eb \u00e7do shtet. Projekti mb\u00ebshtet aktivizmin rinor p\u00ebrmes mb\u00ebshtetjes s\u00eb drejtp\u00ebrdrejt\u00eb t\u00eb individ\u00ebve t\u00eb rinj &#8211; aktivist\u00eb t\u00eb pavarur dhe p\u00ebrfaq\u00ebsues t\u00eb organizatave joqeveritare nga i gjith\u00eb vendi, por edhe p\u00ebrfaq\u00ebsues t\u00eb forumeve partiake t\u00eb [&hellip;]<\/p>\n","protected":false},"author":2,"featured_media":3317,"parent":0,"menu_order":0,"comment_status":"closed","ping_status":"closed","template":"template-map-2022.php","meta":{"footnotes":""},"class_list":["post-3011","page","type-page","status-publish","has-post-thumbnail","hentry"],"acf":[],"_links":{"self":[{"href":"https:\/\/electoralsupportprogramme.mk\/sq\/wp-json\/wp\/v2\/pages\/3011"}],"collection":[{"href":"https:\/\/electoralsupportprogramme.mk\/sq\/wp-json\/wp\/v2\/pages"}],"about":[{"href":"https:\/\/electoralsupportprogramme.mk\/sq\/wp-json\/wp\/v2\/types\/page"}],"author":[{"embeddable":true,"href":"https:\/\/electoralsupportprogramme.mk\/sq\/wp-json\/wp\/v2\/users\/2"}],"replies":[{"embeddable":true,"href":"https:\/\/electoralsupportprogramme.mk\/sq\/wp-json\/wp\/v2\/comments?post=3011"}],"version-history":[{"count":16,"href":"https:\/\/electoralsupportprogramme.mk\/sq\/wp-json\/wp\/v2\/pages\/3011\/revisions"}],"predecessor-version":[{"id":4309,"href":"https:\/\/electoralsupportprogramme.mk\/sq\/wp-json\/wp\/v2\/pages\/3011\/revisions\/4309"}],"wp:featuredmedia":[{"embeddable":true,"href":"https:\/\/electoralsupportprogramme.mk\/sq\/wp-json\/wp\/v2\/media\/3317"}],"wp:attachment":[{"href":"https:\/\/electoralsupportprogramme.mk\/sq\/wp-json\/wp\/v2\/media?parent=3011"}],"curies":[{"name":"wp","href":"https:\/\/api.w.org\/{rel}","templated":true}]}}