{"id":1190,"date":"2021-03-17T12:17:49","date_gmt":"2021-03-17T12:17:49","guid":{"rendered":"https:\/\/electoralsupportprogramme.mk\/?page_id=1190"},"modified":"2021-03-17T12:23:49","modified_gmt":"2021-03-17T12:23:49","slug":"%d0%bf%d0%be%d0%b4%d0%b0%d1%82%d0%be%d1%86%d0%b8-%d0%be%d0%b4-%d0%bc%d0%be%d0%bd%d0%b8%d1%82%d0%be%d1%80%d0%b8%d0%bd%d0%b3-%d0%bd%d0%b0-%d0%bf%d1%80%d0%be%d0%b3%d1%80%d0%b0%d0%bc%d0%b0%d1%82%d0%b0","status":"publish","type":"page","link":"https:\/\/electoralsupportprogramme.mk\/sq\/%d0%bf%d0%be%d0%b4%d0%b0%d1%82%d0%be%d1%86%d0%b8-%d0%be%d0%b4-%d0%bc%d0%be%d0%bd%d0%b8%d1%82%d0%be%d1%80%d0%b8%d0%bd%d0%b3-%d0%bd%d0%b0-%d0%bf%d1%80%d0%be%d0%b3%d1%80%d0%b0%d0%bc%d0%b0%d1%82%d0%b0\/","title":{"rendered":"Monitorimi i t\u00eb dh\u00ebnave t\u00eb Programit t\u00eb Qeveris\u00eb s\u00eb RMV"},"content":{"rendered":"<p>N\u00eb kuad\u00ebr t\u00eb projektit &#8220;Mb\u00ebshtetje \u0435 Reformave Zgjedhore&#8221; e financuar nga Agjencia Zvicerane p\u00ebr Zhvillim dhe Bashk\u00ebpunim (SDC) t\u00eb cilin e implementon Fondacioni Nd\u00ebrkomb\u00ebtar p\u00ebr Sisteme Zgjedhore (IFES) dhe partneri i tij K\u00ebshilli Nacional Rinor i Maqedonis\u00eb (KNRM),\u00a0realizohen aktivitetet p\u00ebr monitorimin e premtimeve nga programi zyrtar i pun\u00ebs s\u00eb Qeveris\u00eb 2020-2024 dhe deri n\u00eb \u00e7far\u00eb mase po zbatohen t\u00eb njejtat.<\/p>","protected":false},"excerpt":{"rendered":"<p>N\u00eb kuad\u00ebr t\u00eb projektit &#8220;Mb\u00ebshtetje \u0435 Reformave Zgjedhore&#8221; e financuar nga Agjencia Zvicerane p\u00ebr Zhvillim dhe Bashk\u00ebpunim (SDC) t\u00eb cilin e implementon Fondacioni Nd\u00ebrkomb\u00ebtar p\u00ebr Sisteme Zgjedhore (IFES) dhe partneri i tij K\u00ebshilli Nacional Rinor i Maqedonis\u00eb (KNRM),\u00a0realizohen aktivitetet p\u00ebr monitorimin e premtimeve nga programi zyrtar i pun\u00ebs s\u00eb Qeveris\u00eb 2020-2024 dhe deri n\u00eb \u00e7far\u00eb [&hellip;]<\/p>\n","protected":false},"author":1,"featured_media":0,"parent":0,"menu_order":0,"comment_status":"closed","ping_status":"closed","template":"","meta":{"footnotes":""},"class_list":["post-1190","page","type-page","status-publish","hentry"],"acf":[],"_links":{"self":[{"href":"https:\/\/electoralsupportprogramme.mk\/sq\/wp-json\/wp\/v2\/pages\/1190"}],"collection":[{"href":"https:\/\/electoralsupportprogramme.mk\/sq\/wp-json\/wp\/v2\/pages"}],"about":[{"href":"https:\/\/electoralsupportprogramme.mk\/sq\/wp-json\/wp\/v2\/types\/page"}],"author":[{"embeddable":true,"href":"https:\/\/electoralsupportprogramme.mk\/sq\/wp-json\/wp\/v2\/users\/1"}],"replies":[{"embeddable":true,"href":"https:\/\/electoralsupportprogramme.mk\/sq\/wp-json\/wp\/v2\/comments?post=1190"}],"version-history":[{"count":2,"href":"https:\/\/electoralsupportprogramme.mk\/sq\/wp-json\/wp\/v2\/pages\/1190\/revisions"}],"predecessor-version":[{"id":1192,"href":"https:\/\/electoralsupportprogramme.mk\/sq\/wp-json\/wp\/v2\/pages\/1190\/revisions\/1192"}],"wp:attachment":[{"href":"https:\/\/electoralsupportprogramme.mk\/sq\/wp-json\/wp\/v2\/media?parent=1190"}],"curies":[{"name":"wp","href":"https:\/\/api.w.org\/{rel}","templated":true}]}}