{"id":1073,"date":"2021-03-16T10:18:19","date_gmt":"2021-03-16T10:18:19","guid":{"rendered":"https:\/\/electoralsupportprogramme.mk\/?page_id=1073"},"modified":"2021-03-16T12:23:05","modified_gmt":"2021-03-16T12:23:05","slug":"map","status":"publish","type":"page","link":"https:\/\/electoralsupportprogramme.mk\/sq\/map\/","title":{"rendered":"Harta"},"content":{"rendered":"<p>Aktivizmi rinor \u00ebsht\u00eb nj\u00eb p\u00ebrb\u00ebr\u00ebs i r\u00ebnd\u00ebsish\u00ebm n\u00eb \u00e7do vend, q\u00eb do t\u00eb thot\u00eb angazhim i t\u00eb rinjve n\u00eb organizimin e ndryshimeve shoq\u00ebrore.<\/p>\n<p>Projekti mb\u00ebshtet aktivizmin e t\u00eb rinjve p\u00ebrmes mb\u00ebshtetjes s\u00eb drejtp\u00ebrdrejt\u00eb t\u00eb individ\u00ebve t\u00eb rinj nga i gjith\u00eb vendi, por edhe p\u00ebrfaq\u00ebsuesve t\u00eb t\u00eb rinjve t\u00eb partive politike t\u00eb cil\u00ebt n\u00eb m\u00ebnyr\u00eb t\u00eb pavarur zbatojn\u00eb iniciativa inovative n\u00eb fusha t\u00eb ndryshme dhe sfera t\u00eb jet\u00ebs shoq\u00ebrore.<\/p>\n<p>Jemi t\u00eb pranish\u00ebm n\u00eb t\u00eb 8 rajonet e zhvillimit n\u00eb vend, dhe duke klikuar n\u00eb shenjat si gjilp\u00ebra n\u00eb hart\u00ebn interaktive mund t\u00eb lexoni m\u00eb shum\u00eb informacion n\u00eb lidhje me vet\u00eb iniciativat, si dhe zbatuesit e tyre.<\/p>\n<p><div class=\"map_wrapper\" id=\"map_wrapper_1187\">\n<div class=\"map_box\" style=\"max-width:2200px\">\n<div class=\"map_aspect_ratio\" style=\"padding-top:56%\" data-padding-top=\"56%\" data-padding-top-mobile=\"\">\n<div class=\"map_container\">\n<div class=\"map_render map_loading\" id=\"map_1187\"><\/div>\n<\/div>\n<\/div>\n<\/div><div class=\"igm-external-legend-container\"><ul data-base-map-id=\"1187\" id=\"igm-external-legend-1187\" class=\"igm-external-legend\"><li class=\"igm-external-legend-entry\"><span class=\"igm-external-legend-graphic\" style=\"background:#8dc902\"><\/span>iniciativa t\u00eb zbatuara nga mobilizator\u00ebt e komunitetit<\/li><li class=\"igm-external-legend-entry\"><span class=\"igm-external-legend-graphic\" style=\"background:#afc3c1\"><\/span>iniciativa t\u00eb zbatuara nga t\u00eb rinjt\u00eb e partive politike<\/li><\/ul><\/div>\n<\/div>\t<\/p>","protected":false},"excerpt":{"rendered":"<p>Aktivizmi rinor \u00ebsht\u00eb nj\u00eb p\u00ebrb\u00ebr\u00ebs i r\u00ebnd\u00ebsish\u00ebm n\u00eb \u00e7do vend, q\u00eb do t\u00eb thot\u00eb angazhim i t\u00eb rinjve n\u00eb organizimin e ndryshimeve shoq\u00ebrore. Projekti mb\u00ebshtet aktivizmin e t\u00eb rinjve p\u00ebrmes mb\u00ebshtetjes s\u00eb drejtp\u00ebrdrejt\u00eb t\u00eb individ\u00ebve t\u00eb rinj nga i gjith\u00eb vendi, por edhe p\u00ebrfaq\u00ebsuesve t\u00eb t\u00eb rinjve t\u00eb partive politike t\u00eb cil\u00ebt n\u00eb m\u00ebnyr\u00eb t\u00eb [&hellip;]<\/p>\n","protected":false},"author":1,"featured_media":1074,"parent":0,"menu_order":0,"comment_status":"closed","ping_status":"closed","template":"template-map.php","meta":{"footnotes":""},"class_list":["post-1073","page","type-page","status-publish","has-post-thumbnail","hentry"],"acf":[],"_links":{"self":[{"href":"https:\/\/electoralsupportprogramme.mk\/sq\/wp-json\/wp\/v2\/pages\/1073"}],"collection":[{"href":"https:\/\/electoralsupportprogramme.mk\/sq\/wp-json\/wp\/v2\/pages"}],"about":[{"href":"https:\/\/electoralsupportprogramme.mk\/sq\/wp-json\/wp\/v2\/types\/page"}],"author":[{"embeddable":true,"href":"https:\/\/electoralsupportprogramme.mk\/sq\/wp-json\/wp\/v2\/users\/1"}],"replies":[{"embeddable":true,"href":"https:\/\/electoralsupportprogramme.mk\/sq\/wp-json\/wp\/v2\/comments?post=1073"}],"version-history":[{"count":2,"href":"https:\/\/electoralsupportprogramme.mk\/sq\/wp-json\/wp\/v2\/pages\/1073\/revisions"}],"predecessor-version":[{"id":1188,"href":"https:\/\/electoralsupportprogramme.mk\/sq\/wp-json\/wp\/v2\/pages\/1073\/revisions\/1188"}],"wp:featuredmedia":[{"embeddable":true,"href":"https:\/\/electoralsupportprogramme.mk\/sq\/wp-json\/wp\/v2\/media\/1074"}],"wp:attachment":[{"href":"https:\/\/electoralsupportprogramme.mk\/sq\/wp-json\/wp\/v2\/media?parent=1073"}],"curies":[{"name":"wp","href":"https:\/\/api.w.org\/{rel}","templated":true}]}}